{"id":10,"date":"2021-01-25T16:25:55","date_gmt":"2021-01-25T16:25:55","guid":{"rendered":"http:\/\/fundacionjoaquinbalsa.com\/?page_id=10"},"modified":"2023-02-14T11:33:04","modified_gmt":"2023-02-14T11:33:04","slug":"actividades-talleres-exposiciones","status":"publish","type":"page","link":"https:\/\/fundacionjoaquinbalsa.com\/?page_id=10","title":{"rendered":"Actividades talleres exposiciones"},"content":{"rendered":"\n<p>Mayores y peque\u00f1os visitar\u00e1n la sede de La Fundaci\u00f3n y podr\u00e1n utilizar, al aire libre, materiales de diferentes tipos. <\/p>\n\n\n\n<p>A trav\u00e9s de la visita a La Fundaci\u00f3n, los participantes m\u00e1s peque\u00f1os conocer\u00e1n los materiales del arte contempor\u00e1neo y tendr\u00e1n acceso a la experimentaci\u00f3n de diferentes t\u00e9cnicas para tratarlos. A la salida de la visita encontrar\u00e1n un autoservicio con una amplia gama de materiales como la pintura, barro, elementos de la naturaleza, restos de objetos, etc. con los que podr\u00e1n ejercitar su creatividad con diferentes texturas y t\u00e9cnicas.<\/p>\n\n\n\n<p>Actividades gratuitas y recomendadas para todas las edades.<\/p>\n\n\n\n<p><strong>HORARIOS<\/strong><\/p>\n\n\n\n<p>Viernes y s\u00e1bado de 10 a 14 h. y de 17 a las 19 h.<br>Domingo de 10 a 15 h. Con Cita Previa.<\/p>\n\n\n\n<figure class=\"wp-block-gallery alignwide has-nested-images columns-default is-cropped wp-block-gallery-1 is-layout-flex wp-block-gallery-is-layout-flex\">\n<figure class=\"wp-block-image size-large\"><img loading=\"lazy\" decoding=\"async\" width=\"1024\" height=\"683\" data-id=\"48\" src=\"http:\/\/fundacionjoaquinbalsa.com\/wp-content\/uploads\/2021\/01\/BB1A8305-1024x683.jpg\" alt=\"\" class=\"wp-image-48\" srcset=\"https:\/\/fundacionjoaquinbalsa.com\/wp-content\/uploads\/2021\/01\/BB1A8305-1024x683.jpg 1024w, https:\/\/fundacionjoaquinbalsa.com\/wp-content\/uploads\/2021\/01\/BB1A8305-300x200.jpg 300w, https:\/\/fundacionjoaquinbalsa.com\/wp-content\/uploads\/2021\/01\/BB1A8305-768x512.jpg 768w, https:\/\/fundacionjoaquinbalsa.com\/wp-content\/uploads\/2021\/01\/BB1A8305-1536x1024.jpg 1536w, https:\/\/fundacionjoaquinbalsa.com\/wp-content\/uploads\/2021\/01\/BB1A8305-2048x1365.jpg 2048w, https:\/\/fundacionjoaquinbalsa.com\/wp-content\/uploads\/2021\/01\/BB1A8305-272x182.jpg 272w\" sizes=\"auto, (max-width: 1024px) 100vw, 1024px\" \/><\/figure>\n\n\n\n<figure class=\"wp-block-image size-large\"><img loading=\"lazy\" decoding=\"async\" width=\"1024\" height=\"1018\" data-id=\"49\" src=\"http:\/\/fundacionjoaquinbalsa.com\/wp-content\/uploads\/2021\/01\/Joaqui\u0301n-Balsa-Sin-titulo-2015-1024x1018.jpg\" alt=\"\" class=\"wp-image-49\" srcset=\"https:\/\/fundacionjoaquinbalsa.com\/wp-content\/uploads\/2021\/01\/Joaqui\u0301n-Balsa-Sin-titulo-2015-1024x1018.jpg 1024w, https:\/\/fundacionjoaquinbalsa.com\/wp-content\/uploads\/2021\/01\/Joaqui\u0301n-Balsa-Sin-titulo-2015-300x298.jpg 300w, https:\/\/fundacionjoaquinbalsa.com\/wp-content\/uploads\/2021\/01\/Joaqui\u0301n-Balsa-Sin-titulo-2015-150x150.jpg 150w, https:\/\/fundacionjoaquinbalsa.com\/wp-content\/uploads\/2021\/01\/Joaqui\u0301n-Balsa-Sin-titulo-2015-768x764.jpg 768w, https:\/\/fundacionjoaquinbalsa.com\/wp-content\/uploads\/2021\/01\/Joaqui\u0301n-Balsa-Sin-titulo-2015-1536x1527.jpg 1536w, https:\/\/fundacionjoaquinbalsa.com\/wp-content\/uploads\/2021\/01\/Joaqui\u0301n-Balsa-Sin-titulo-2015-2048x2036.jpg 2048w\" sizes=\"auto, (max-width: 1024px) 100vw, 1024px\" \/><\/figure>\n\n\n\n<figure class=\"wp-block-image size-large\"><img loading=\"lazy\" decoding=\"async\" width=\"1024\" height=\"1014\" data-id=\"53\" src=\"http:\/\/fundacionjoaquinbalsa.com\/wp-content\/uploads\/2021\/01\/BB1A8257-1024x1014.jpg\" alt=\"\" class=\"wp-image-53\" srcset=\"https:\/\/fundacionjoaquinbalsa.com\/wp-content\/uploads\/2021\/01\/BB1A8257-1024x1014.jpg 1024w, https:\/\/fundacionjoaquinbalsa.com\/wp-content\/uploads\/2021\/01\/BB1A8257-300x297.jpg 300w, https:\/\/fundacionjoaquinbalsa.com\/wp-content\/uploads\/2021\/01\/BB1A8257-150x150.jpg 150w, https:\/\/fundacionjoaquinbalsa.com\/wp-content\/uploads\/2021\/01\/BB1A8257-768x760.jpg 768w, https:\/\/fundacionjoaquinbalsa.com\/wp-content\/uploads\/2021\/01\/BB1A8257-1536x1521.jpg 1536w, https:\/\/fundacionjoaquinbalsa.com\/wp-content\/uploads\/2021\/01\/BB1A8257-2048x2028.jpg 2048w\" sizes=\"auto, (max-width: 1024px) 100vw, 1024px\" \/><\/figure>\n\n\n\n<figure class=\"wp-block-image size-large\"><img loading=\"lazy\" decoding=\"async\" width=\"512\" height=\"512\" data-id=\"54\" src=\"http:\/\/fundacionjoaquinbalsa.com\/wp-content\/uploads\/2021\/01\/cropped-BB1A8257.jpg\" alt=\"\" class=\"wp-image-54\" srcset=\"https:\/\/fundacionjoaquinbalsa.com\/wp-content\/uploads\/2021\/01\/cropped-BB1A8257.jpg 512w, https:\/\/fundacionjoaquinbalsa.com\/wp-content\/uploads\/2021\/01\/cropped-BB1A8257-300x300.jpg 300w, https:\/\/fundacionjoaquinbalsa.com\/wp-content\/uploads\/2021\/01\/cropped-BB1A8257-150x150.jpg 150w, https:\/\/fundacionjoaquinbalsa.com\/wp-content\/uploads\/2021\/01\/cropped-BB1A8257-270x270.jpg 270w, https:\/\/fundacionjoaquinbalsa.com\/wp-content\/uploads\/2021\/01\/cropped-BB1A8257-192x192.jpg 192w, https:\/\/fundacionjoaquinbalsa.com\/wp-content\/uploads\/2021\/01\/cropped-BB1A8257-180x180.jpg 180w, https:\/\/fundacionjoaquinbalsa.com\/wp-content\/uploads\/2021\/01\/cropped-BB1A8257-32x32.jpg 32w\" sizes=\"auto, (max-width: 512px) 100vw, 512px\" \/><\/figure>\n\n\n\n<figure class=\"wp-block-image size-large\"><img loading=\"lazy\" decoding=\"async\" width=\"1024\" height=\"384\" data-id=\"59\" src=\"http:\/\/fundacionjoaquinbalsa.com\/wp-content\/uploads\/2021\/01\/cropped-BB1A8305-scaled-1-1024x384.jpg\" alt=\"\" class=\"wp-image-59\" srcset=\"https:\/\/fundacionjoaquinbalsa.com\/wp-content\/uploads\/2021\/01\/cropped-BB1A8305-scaled-1-1024x384.jpg 1024w, https:\/\/fundacionjoaquinbalsa.com\/wp-content\/uploads\/2021\/01\/cropped-BB1A8305-scaled-1-300x113.jpg 300w, https:\/\/fundacionjoaquinbalsa.com\/wp-content\/uploads\/2021\/01\/cropped-BB1A8305-scaled-1-768x288.jpg 768w, https:\/\/fundacionjoaquinbalsa.com\/wp-content\/uploads\/2021\/01\/cropped-BB1A8305-scaled-1-1536x576.jpg 1536w, https:\/\/fundacionjoaquinbalsa.com\/wp-content\/uploads\/2021\/01\/cropped-BB1A8305-scaled-1.jpg 1600w\" sizes=\"auto, (max-width: 1024px) 100vw, 1024px\" \/><\/figure>\n\n\n\n<figure class=\"wp-block-image size-large\"><img loading=\"lazy\" decoding=\"async\" width=\"1024\" height=\"384\" data-id=\"60\" src=\"http:\/\/fundacionjoaquinbalsa.com\/wp-content\/uploads\/2021\/01\/cropped-cropped-BB1A8257-1024x384.jpg\" alt=\"\" class=\"wp-image-60\" srcset=\"https:\/\/fundacionjoaquinbalsa.com\/wp-content\/uploads\/2021\/01\/cropped-cropped-BB1A8257-1024x384.jpg 1024w, https:\/\/fundacionjoaquinbalsa.com\/wp-content\/uploads\/2021\/01\/cropped-cropped-BB1A8257-300x113.jpg 300w, https:\/\/fundacionjoaquinbalsa.com\/wp-content\/uploads\/2021\/01\/cropped-cropped-BB1A8257-768x288.jpg 768w, https:\/\/fundacionjoaquinbalsa.com\/wp-content\/uploads\/2021\/01\/cropped-cropped-BB1A8257-1536x576.jpg 1536w, https:\/\/fundacionjoaquinbalsa.com\/wp-content\/uploads\/2021\/01\/cropped-cropped-BB1A8257.jpg 1600w\" sizes=\"auto, (max-width: 1024px) 100vw, 1024px\" \/><\/figure>\n\n\n\n<figure class=\"wp-block-image size-large\"><img loading=\"lazy\" decoding=\"async\" width=\"1024\" height=\"1018\" data-id=\"135\" src=\"http:\/\/fundacionjoaquinbalsa.com\/wp-content\/uploads\/2021\/02\/Joaqui\u0301n-Balsa-Sin-titulo-2015-1024x1018.jpg\" alt=\"\" class=\"wp-image-135\" srcset=\"https:\/\/fundacionjoaquinbalsa.com\/wp-content\/uploads\/2021\/02\/Joaqui\u0301n-Balsa-Sin-titulo-2015-1024x1018.jpg 1024w, https:\/\/fundacionjoaquinbalsa.com\/wp-content\/uploads\/2021\/02\/Joaqui\u0301n-Balsa-Sin-titulo-2015-300x298.jpg 300w, https:\/\/fundacionjoaquinbalsa.com\/wp-content\/uploads\/2021\/02\/Joaqui\u0301n-Balsa-Sin-titulo-2015-150x150.jpg 150w, https:\/\/fundacionjoaquinbalsa.com\/wp-content\/uploads\/2021\/02\/Joaqui\u0301n-Balsa-Sin-titulo-2015-768x764.jpg 768w, https:\/\/fundacionjoaquinbalsa.com\/wp-content\/uploads\/2021\/02\/Joaqui\u0301n-Balsa-Sin-titulo-2015-1536x1527.jpg 1536w, https:\/\/fundacionjoaquinbalsa.com\/wp-content\/uploads\/2021\/02\/Joaqui\u0301n-Balsa-Sin-titulo-2015-2048x2036.jpg 2048w, https:\/\/fundacionjoaquinbalsa.com\/wp-content\/uploads\/2021\/02\/Joaqui\u0301n-Balsa-Sin-titulo-2015-272x270.jpg 272w\" sizes=\"auto, (max-width: 1024px) 100vw, 1024px\" \/><\/figure>\n\n\n\n<figure class=\"wp-block-image size-large\"><img loading=\"lazy\" decoding=\"async\" width=\"483\" height=\"600\" data-id=\"136\" src=\"http:\/\/fundacionjoaquinbalsa.com\/wp-content\/uploads\/2021\/02\/Joaqui\u0301n-Balsa-4945-b-en-desarroyo-1-100x81-6.000E.jpg\" alt=\"\" class=\"wp-image-136\" srcset=\"https:\/\/fundacionjoaquinbalsa.com\/wp-content\/uploads\/2021\/02\/Joaqui\u0301n-Balsa-4945-b-en-desarroyo-1-100x81-6.000E.jpg 483w, https:\/\/fundacionjoaquinbalsa.com\/wp-content\/uploads\/2021\/02\/Joaqui\u0301n-Balsa-4945-b-en-desarroyo-1-100x81-6.000E-242x300.jpg 242w, https:\/\/fundacionjoaquinbalsa.com\/wp-content\/uploads\/2021\/02\/Joaqui\u0301n-Balsa-4945-b-en-desarroyo-1-100x81-6.000E-217x270.jpg 217w\" sizes=\"auto, (max-width: 483px) 100vw, 483px\" \/><\/figure>\n\n\n\n<figure class=\"wp-block-image size-large\"><img loading=\"lazy\" decoding=\"async\" width=\"600\" height=\"600\" data-id=\"137\" src=\"http:\/\/fundacionjoaquinbalsa.com\/wp-content\/uploads\/2021\/02\/Joaqui\u0301n-Balsa-Lugar-incierto-88x88-2007-7.000E.jpg\" alt=\"\" class=\"wp-image-137\" srcset=\"https:\/\/fundacionjoaquinbalsa.com\/wp-content\/uploads\/2021\/02\/Joaqui\u0301n-Balsa-Lugar-incierto-88x88-2007-7.000E.jpg 600w, https:\/\/fundacionjoaquinbalsa.com\/wp-content\/uploads\/2021\/02\/Joaqui\u0301n-Balsa-Lugar-incierto-88x88-2007-7.000E-300x300.jpg 300w, https:\/\/fundacionjoaquinbalsa.com\/wp-content\/uploads\/2021\/02\/Joaqui\u0301n-Balsa-Lugar-incierto-88x88-2007-7.000E-150x150.jpg 150w, https:\/\/fundacionjoaquinbalsa.com\/wp-content\/uploads\/2021\/02\/Joaqui\u0301n-Balsa-Lugar-incierto-88x88-2007-7.000E-270x270.jpg 270w\" sizes=\"auto, (max-width: 600px) 100vw, 600px\" \/><\/figure>\n\n\n\n<figure class=\"wp-block-image size-large\"><img loading=\"lazy\" decoding=\"async\" width=\"1024\" height=\"996\" data-id=\"138\" src=\"http:\/\/fundacionjoaquinbalsa.com\/wp-content\/uploads\/2021\/02\/Joaqui\u0301n-Balsa-Sin-Titulo-60x60-4.000E-1024x996.jpg\" alt=\"\" class=\"wp-image-138\" srcset=\"https:\/\/fundacionjoaquinbalsa.com\/wp-content\/uploads\/2021\/02\/Joaqui\u0301n-Balsa-Sin-Titulo-60x60-4.000E-1024x996.jpg 1024w, https:\/\/fundacionjoaquinbalsa.com\/wp-content\/uploads\/2021\/02\/Joaqui\u0301n-Balsa-Sin-Titulo-60x60-4.000E-300x292.jpg 300w, https:\/\/fundacionjoaquinbalsa.com\/wp-content\/uploads\/2021\/02\/Joaqui\u0301n-Balsa-Sin-Titulo-60x60-4.000E-768x747.jpg 768w, https:\/\/fundacionjoaquinbalsa.com\/wp-content\/uploads\/2021\/02\/Joaqui\u0301n-Balsa-Sin-Titulo-60x60-4.000E-278x270.jpg 278w, https:\/\/fundacionjoaquinbalsa.com\/wp-content\/uploads\/2021\/02\/Joaqui\u0301n-Balsa-Sin-Titulo-60x60-4.000E.jpg 1477w\" sizes=\"auto, (max-width: 1024px) 100vw, 1024px\" \/><\/figure>\n\n\n\n<figure class=\"wp-block-image size-large\"><img loading=\"lazy\" decoding=\"async\" width=\"1024\" height=\"994\" data-id=\"139\" src=\"http:\/\/fundacionjoaquinbalsa.com\/wp-content\/uploads\/2021\/02\/R-73-Joaqui\u0301n-Balsa-1024x994.jpg\" alt=\"\" class=\"wp-image-139\" srcset=\"https:\/\/fundacionjoaquinbalsa.com\/wp-content\/uploads\/2021\/02\/R-73-Joaqui\u0301n-Balsa-1024x994.jpg 1024w, https:\/\/fundacionjoaquinbalsa.com\/wp-content\/uploads\/2021\/02\/R-73-Joaqui\u0301n-Balsa-300x291.jpg 300w, https:\/\/fundacionjoaquinbalsa.com\/wp-content\/uploads\/2021\/02\/R-73-Joaqui\u0301n-Balsa-768x745.jpg 768w, https:\/\/fundacionjoaquinbalsa.com\/wp-content\/uploads\/2021\/02\/R-73-Joaqui\u0301n-Balsa-1536x1491.jpg 1536w, https:\/\/fundacionjoaquinbalsa.com\/wp-content\/uploads\/2021\/02\/R-73-Joaqui\u0301n-Balsa-2048x1988.jpg 2048w, https:\/\/fundacionjoaquinbalsa.com\/wp-content\/uploads\/2021\/02\/R-73-Joaqui\u0301n-Balsa-278x270.jpg 278w\" sizes=\"auto, (max-width: 1024px) 100vw, 1024px\" \/><\/figure>\n<\/figure>\n\n\n\n<p><\/p>\n","protected":false},"excerpt":{"rendered":"<p>Mayores y peque\u00f1os visitar\u00e1n la sede de La Fundaci\u00f3n y podr\u00e1n utilizar, al aire libre, materiales de diferentes tipos. A trav\u00e9s de la visita a La Fundaci\u00f3n, los participantes m\u00e1s peque\u00f1os conocer\u00e1n los materiales del arte contempor\u00e1neo y tendr\u00e1n acceso a la experimentaci\u00f3n de diferentes t\u00e9cnicas para tratarlos. A la salida de la visita encontrar\u00e1n un autoservicio con una amplia gama de materiales como la pintura, barro, elementos de la naturaleza, restos de objetos, etc. con los que podr\u00e1n ejercitar&#8230;<\/p>\n<p class=\"read-more\"><a class=\"btn btn-default\" href=\"https:\/\/fundacionjoaquinbalsa.com\/?page_id=10\"> Leer m\u00e1s<span class=\"screen-reader-text\">  Leer m\u00e1s<\/span><\/a><\/p>\n","protected":false},"author":1,"featured_media":0,"parent":0,"menu_order":0,"comment_status":"closed","ping_status":"closed","template":"","meta":{"ngg_post_thumbnail":0,"footnotes":""},"class_list":["post-10","page","type-page","status-publish","hentry"],"_links":{"self":[{"href":"https:\/\/fundacionjoaquinbalsa.com\/index.php?rest_route=\/wp\/v2\/pages\/10","targetHints":{"allow":["GET"]}}],"collection":[{"href":"https:\/\/fundacionjoaquinbalsa.com\/index.php?rest_route=\/wp\/v2\/pages"}],"about":[{"href":"https:\/\/fundacionjoaquinbalsa.com\/index.php?rest_route=\/wp\/v2\/types\/page"}],"author":[{"embeddable":true,"href":"https:\/\/fundacionjoaquinbalsa.com\/index.php?rest_route=\/wp\/v2\/users\/1"}],"replies":[{"embeddable":true,"href":"https:\/\/fundacionjoaquinbalsa.com\/index.php?rest_route=%2Fwp%2Fv2%2Fcomments&post=10"}],"version-history":[{"count":5,"href":"https:\/\/fundacionjoaquinbalsa.com\/index.php?rest_route=\/wp\/v2\/pages\/10\/revisions"}],"predecessor-version":[{"id":157,"href":"https:\/\/fundacionjoaquinbalsa.com\/index.php?rest_route=\/wp\/v2\/pages\/10\/revisions\/157"}],"wp:attachment":[{"href":"https:\/\/fundacionjoaquinbalsa.com\/index.php?rest_route=%2Fwp%2Fv2%2Fmedia&parent=10"}],"curies":[{"name":"wp","href":"https:\/\/api.w.org\/{rel}","templated":true}]}}