{"id":19,"date":"2021-01-25T16:36:31","date_gmt":"2021-01-25T16:36:31","guid":{"rendered":"http:\/\/fundacionjoaquinbalsa.com\/?page_id=19"},"modified":"2023-02-16T11:33:24","modified_gmt":"2023-02-16T11:33:24","slug":"crowsfuding","status":"publish","type":"page","link":"https:\/\/fundacionjoaquinbalsa.com\/?page_id=19","title":{"rendered":"Crowdfunding"},"content":{"rendered":"\n<p>Plataforma para proyectos solidarios<\/p>\n\n\n\n<p>En la Fundaci\u00f3n Joaqu\u00edn Balsa creemos en las personas, en su capacidad para crecer, trabajar y superar las adversidades. Creemos en la educaci\u00f3n, la cultura y la investigaci\u00f3n como motores del progreso. Creemos en una sociedad con m\u00e1s oportunidades. Creemos en un futuro mejor para todos y trabajamos en miles de proyectos para construirlo.<\/p>\n\n\n\n<p><br>En colaboraci\u00f3n con cientos de entidades y miles de voluntarios, llevamos a cabo un trabajo conjunto para luchar contra la pobreza y la exclusi\u00f3n, impulsar la investigaci\u00f3n m\u00e9dica de excelencia, poner la cultura al alcance de todos y mejorar la educaci\u00f3n de los ni\u00f1os de hoy y de ma\u00f1ana.<\/p>\n","protected":false},"excerpt":{"rendered":"<p>Plataforma para proyectos solidarios En la Fundaci\u00f3n Joaqu\u00edn Balsa creemos en las personas, en su capacidad para crecer, trabajar y superar las adversidades. Creemos en la educaci\u00f3n, la cultura y la investigaci\u00f3n como motores del progreso. Creemos en una sociedad con m\u00e1s oportunidades. Creemos en un futuro mejor para todos y trabajamos en miles de proyectos para construirlo. En colaboraci\u00f3n con cientos de entidades y miles de voluntarios, llevamos a cabo un trabajo conjunto para luchar contra la pobreza y&#8230;<\/p>\n<p class=\"read-more\"><a class=\"btn btn-default\" href=\"https:\/\/fundacionjoaquinbalsa.com\/?page_id=19\"> Leer m\u00e1s<span class=\"screen-reader-text\">  Leer m\u00e1s<\/span><\/a><\/p>\n","protected":false},"author":1,"featured_media":0,"parent":0,"menu_order":0,"comment_status":"closed","ping_status":"closed","template":"","meta":{"ngg_post_thumbnail":0,"footnotes":""},"class_list":["post-19","page","type-page","status-publish","hentry"],"_links":{"self":[{"href":"https:\/\/fundacionjoaquinbalsa.com\/index.php?rest_route=\/wp\/v2\/pages\/19","targetHints":{"allow":["GET"]}}],"collection":[{"href":"https:\/\/fundacionjoaquinbalsa.com\/index.php?rest_route=\/wp\/v2\/pages"}],"about":[{"href":"https:\/\/fundacionjoaquinbalsa.com\/index.php?rest_route=\/wp\/v2\/types\/page"}],"author":[{"embeddable":true,"href":"https:\/\/fundacionjoaquinbalsa.com\/index.php?rest_route=\/wp\/v2\/users\/1"}],"replies":[{"embeddable":true,"href":"https:\/\/fundacionjoaquinbalsa.com\/index.php?rest_route=%2Fwp%2Fv2%2Fcomments&post=19"}],"version-history":[{"count":5,"href":"https:\/\/fundacionjoaquinbalsa.com\/index.php?rest_route=\/wp\/v2\/pages\/19\/revisions"}],"predecessor-version":[{"id":200,"href":"https:\/\/fundacionjoaquinbalsa.com\/index.php?rest_route=\/wp\/v2\/pages\/19\/revisions\/200"}],"wp:attachment":[{"href":"https:\/\/fundacionjoaquinbalsa.com\/index.php?rest_route=%2Fwp%2Fv2%2Fmedia&parent=19"}],"curies":[{"name":"wp","href":"https:\/\/api.w.org\/{rel}","templated":true}]}}