{"id":26,"date":"2021-01-25T16:41:23","date_gmt":"2021-01-25T16:41:23","guid":{"rendered":"http:\/\/fundacionjoaquinbalsa.com\/?page_id=26"},"modified":"2023-02-16T11:38:00","modified_gmt":"2023-02-16T11:38:00","slug":"enlaces","status":"publish","type":"page","link":"https:\/\/fundacionjoaquinbalsa.com\/?page_id=26","title":{"rendered":"Enlaces"},"content":{"rendered":"\n<p><a href=\"http:\/\/www.fundacioncastelao.gal\" data-type=\"URL\" data-id=\"http:\/\/www.fundacioncastelao.gal\"><strong>FUNDACI\u00d3N CASTELAO<\/strong><\/a><\/p>\n\n\n\n<p><strong><a href=\"http:\/\/www.rioturismo.es\" data-type=\"URL\" data-id=\"http:\/\/www.rioturismo.es\">R\u00cdOTURISMO &#8211; SAN XO\u00c1N DE R\u00cdO<\/a><\/strong><\/p>\n\n\n\n<p><strong><a href=\"http:\/\/www.aldealista.com\" data-type=\"URL\" data-id=\"http:\/\/www.aldealista.com\">ALDEALISTA<\/a><\/strong><\/p>\n\n\n\n<p><strong><a href=\"http:\/\/www.artcuestion.com\/\" data-type=\"URL\" data-id=\"http:\/\/www.artcuestion.com\/\">ART CUESTION<\/a><\/strong><\/p>\n","protected":false},"excerpt":{"rendered":"<p>FUNDACI\u00d3N CASTELAO R\u00cdOTURISMO &#8211; SAN XO\u00c1N DE R\u00cdO ALDEALISTA ART CUESTION<\/p>\n","protected":false},"author":1,"featured_media":0,"parent":0,"menu_order":0,"comment_status":"closed","ping_status":"closed","template":"","meta":{"ngg_post_thumbnail":0,"footnotes":""},"class_list":["post-26","page","type-page","status-publish","hentry"],"_links":{"self":[{"href":"https:\/\/fundacionjoaquinbalsa.com\/index.php?rest_route=\/wp\/v2\/pages\/26","targetHints":{"allow":["GET"]}}],"collection":[{"href":"https:\/\/fundacionjoaquinbalsa.com\/index.php?rest_route=\/wp\/v2\/pages"}],"about":[{"href":"https:\/\/fundacionjoaquinbalsa.com\/index.php?rest_route=\/wp\/v2\/types\/page"}],"author":[{"embeddable":true,"href":"https:\/\/fundacionjoaquinbalsa.com\/index.php?rest_route=\/wp\/v2\/users\/1"}],"replies":[{"embeddable":true,"href":"https:\/\/fundacionjoaquinbalsa.com\/index.php?rest_route=%2Fwp%2Fv2%2Fcomments&post=26"}],"version-history":[{"count":6,"href":"https:\/\/fundacionjoaquinbalsa.com\/index.php?rest_route=\/wp\/v2\/pages\/26\/revisions"}],"predecessor-version":[{"id":202,"href":"https:\/\/fundacionjoaquinbalsa.com\/index.php?rest_route=\/wp\/v2\/pages\/26\/revisions\/202"}],"wp:attachment":[{"href":"https:\/\/fundacionjoaquinbalsa.com\/index.php?rest_route=%2Fwp%2Fv2%2Fmedia&parent=26"}],"curies":[{"name":"wp","href":"https:\/\/api.w.org\/{rel}","templated":true}]}}